{"id":52,"date":"2022-11-12T15:04:41","date_gmt":"2022-11-12T15:04:41","guid":{"rendered":"https:\/\/grisjun.hi.is\/?page_id=52"},"modified":"2022-12-09T10:01:59","modified_gmt":"2022-12-09T10:01:59","slug":"about","status":"publish","type":"page","link":"https:\/\/grisjun.hi.is\/?page_id=52","title":{"rendered":"About the Project"},"content":{"rendered":"\n<p>In December 2020, a landslide hit the town of Sey\u00f0isfj\u00f6r\u00f0ur, located in the East of Iceland. The natural disaster left behind unprecedented damage and a collective trauma for the people living there. Luckily no lives were lost, but many buildings and houses were swept away. T\u00e6kniminjasafn Austurlands (Technical Museum of East Iceland) was one of many buildings that were damaged or destroyed. This damage brought to light a series of issues that museums are facing all over the country: collections are simply too large to be properly stored, cataloged, and preserved, and there is often not sufficient space for new acquisitions to enter a museum collection. Another layer of issues adds up if we consider the impact that environmental preservation, risk preparedness, and natural hazard management have on museum administration and steering at a national level.&nbsp;<\/p>\n\n\n\n<figure class=\"wp-block-image size-large\"><img loading=\"lazy\" decoding=\"async\" width=\"762\" height=\"1024\" src=\"https:\/\/grisjun.hi.is\/wp-content\/uploads\/2022\/11\/Taekniminjasafn-Austurlands-762x1024.jpeg\" alt=\"\" class=\"wp-image-107\" srcset=\"https:\/\/grisjun.hi.is\/wp-content\/uploads\/2022\/11\/Taekniminjasafn-Austurlands-762x1024.jpeg 762w, https:\/\/grisjun.hi.is\/wp-content\/uploads\/2022\/11\/Taekniminjasafn-Austurlands-223x300.jpeg 223w, https:\/\/grisjun.hi.is\/wp-content\/uploads\/2022\/11\/Taekniminjasafn-Austurlands-768x1032.jpeg 768w, https:\/\/grisjun.hi.is\/wp-content\/uploads\/2022\/11\/Taekniminjasafn-Austurlands-1143x1536.jpeg 1143w, https:\/\/grisjun.hi.is\/wp-content\/uploads\/2022\/11\/Taekniminjasafn-Austurlands.jpeg 1488w\" sizes=\"auto, (max-width: 762px) 100vw, 762px\" \/><figcaption class=\"wp-element-caption\">The damaged facilities at T\u00e6kniminjasafn Austurlands. Part of the building was torn away by the 2020 landslide.<\/figcaption><\/figure>\n\n\n\n<p>The collections of small cultural heritage museums such as the Technical Museum in Sey\u00f0isfj\u00f6r\u00f0ur are \u201cflooded\u201d by non-unique objects that can be found in most of the other regional or local museums in the country. Additional concerns regarding the latter have arisen, with viewpoints from some of the experts who deem that one of the viable solutions would be unifying all regional museums and sharing central storage spaces, and that addressing collections policies would be beneficial.<\/p>\n\n\n\n<figure class=\"wp-block-image size-large\"><img loading=\"lazy\" decoding=\"async\" width=\"1024\" height=\"768\" src=\"https:\/\/grisjun.hi.is\/wp-content\/uploads\/2022\/11\/Taekn.-storage.-1024x768.jpeg\" alt=\"\" class=\"wp-image-102\" srcset=\"https:\/\/grisjun.hi.is\/wp-content\/uploads\/2022\/11\/Taekn.-storage.-1024x768.jpeg 1024w, https:\/\/grisjun.hi.is\/wp-content\/uploads\/2022\/11\/Taekn.-storage.-300x225.jpeg 300w, https:\/\/grisjun.hi.is\/wp-content\/uploads\/2022\/11\/Taekn.-storage.-768x576.jpeg 768w, https:\/\/grisjun.hi.is\/wp-content\/uploads\/2022\/11\/Taekn.-storage.-1536x1152.jpeg 1536w, https:\/\/grisjun.hi.is\/wp-content\/uploads\/2022\/11\/Taekn.-storage.-1568x1176.jpeg 1568w, https:\/\/grisjun.hi.is\/wp-content\/uploads\/2022\/11\/Taekn.-storage..jpeg 2000w\" sizes=\"auto, (max-width: 1024px) 100vw, 1024px\" \/><figcaption class=\"wp-element-caption\">Objects at T\u00e6kniminjasafn that have been recovered from the landslide and are waiting to be sorted.<\/figcaption><\/figure>\n\n\n\n<p>This project\u2019s focal point was to create a handbook for deaccessioning in Icelandic museums, but the challenge was to consider all of the aforementioned issues in the grand scheme of things. In the handbook, a general framework was created which is customizable depending on the specific situation of the museum who uses the guidelines to progress in their deaccessioning work.\u00a0The project work has been supported by relevant theories and literature which combines sustainability, deaccessioning, and circular economy in the museum context. Fieldwork has been undertaken in the East of Iceland, where museum professionals both in Sey\u00f0isfj\u00f6r\u00f0ur and Egilssta\u00f0ir provided valuable insight into the daily operations of the regional museums and their administration and place within the local community. Visiting the storage and premises of the Technical Museum has helped us put things into perspective and reminded us to consider the powerful force of nature and, by extension, the artificial consequences of its exploitation.\u00a0<\/p>\n\n\n\n<figure class=\"wp-block-image size-large\"><img loading=\"lazy\" decoding=\"async\" width=\"1024\" height=\"762\" src=\"https:\/\/grisjun.hi.is\/wp-content\/uploads\/2022\/11\/Diving-suit-1024x762.jpeg\" alt=\"\" class=\"wp-image-104\" srcset=\"https:\/\/grisjun.hi.is\/wp-content\/uploads\/2022\/11\/Diving-suit-1024x762.jpeg 1024w, https:\/\/grisjun.hi.is\/wp-content\/uploads\/2022\/11\/Diving-suit-300x223.jpeg 300w, https:\/\/grisjun.hi.is\/wp-content\/uploads\/2022\/11\/Diving-suit-768x571.jpeg 768w, https:\/\/grisjun.hi.is\/wp-content\/uploads\/2022\/11\/Diving-suit-1536x1143.jpeg 1536w, https:\/\/grisjun.hi.is\/wp-content\/uploads\/2022\/11\/Diving-suit-1568x1167.jpeg 1568w, https:\/\/grisjun.hi.is\/wp-content\/uploads\/2022\/11\/Diving-suit.jpeg 2000w\" sizes=\"auto, (max-width: 1024px) 100vw, 1024px\" \/><figcaption class=\"wp-element-caption\">A diving suit in the museum&#8217;s collection that was salvaged after the landslide.<\/figcaption><\/figure>\n\n\n\n<p>The report includes all the challenges we encountered, as well as valuable inputs that came from experts in the field, our collaborators, our supervisors, and during brainstorming sessions. The interest and support that this project has received have been beyond our expectations: a clear message that the aim of the project is an extremely sought-after and relevant goal for Icelandic museums today.<\/p>\n\n\n\n<p>The material produced in connection to this project, namely the Deaccessioning Handbook and the Project Report, has been presented in a panel during the F\u00cdSOS Farsk\u00f3li, which took place at Hotel Hallormssta\u00f0ur on the 21st -23rd September, 2022. The F\u00cdSOS Farsk\u00f3li is an annual professional conference for museum professionals in Iceland, and the 2022 theme\/title was \u201cS\u00f6fn \u00e1 t\u00edmam\u00f3tum\u201d (Museums at a Crossroads).<\/p>\n\n\n\n<h2 class=\"wp-block-heading\">Read the&nbsp;<a rel=\"noreferrer noopener\" href=\"https:\/\/grisjun.hi.is\/?page_id=45\" target=\"_blank\">Handbook<\/a><\/h2>\n\n\n\n<h2 class=\"wp-block-heading\">Read the <a href=\"https:\/\/grisjun.hi.is\/?page_id=38\" data-type=\"URL\" data-id=\"https:\/\/grisjun.hi.is\/?page_id=38\" target=\"_blank\" rel=\"noreferrer noopener\">Project&nbsp;Report<\/a><\/h2>\n","protected":false},"excerpt":{"rendered":"<p>In December 2020, a landslide hit the town of Sey\u00f0isfj\u00f6r\u00f0ur, located in the East of Iceland. The natural disaster left behind unprecedented damage and a collective trauma for the people living there. Luckily no lives were lost, but many buildings and houses were swept away. T\u00e6kniminjasafn Austurlands (Technical Museum of East Iceland) was one of&hellip; <a class=\"more-link\" href=\"https:\/\/grisjun.hi.is\/?page_id=52\">Continue reading <span class=\"screen-reader-text\">About the Project<\/span><\/a><\/p>\n","protected":false},"author":2,"featured_media":0,"parent":0,"menu_order":0,"comment_status":"closed","ping_status":"closed","template":"","meta":{"footnotes":""},"class_list":["post-52","page","type-page","status-publish","hentry","entry"],"_links":{"self":[{"href":"https:\/\/grisjun.hi.is\/index.php?rest_route=\/wp\/v2\/pages\/52","targetHints":{"allow":["GET"]}}],"collection":[{"href":"https:\/\/grisjun.hi.is\/index.php?rest_route=\/wp\/v2\/pages"}],"about":[{"href":"https:\/\/grisjun.hi.is\/index.php?rest_route=\/wp\/v2\/types\/page"}],"author":[{"embeddable":true,"href":"https:\/\/grisjun.hi.is\/index.php?rest_route=\/wp\/v2\/users\/2"}],"replies":[{"embeddable":true,"href":"https:\/\/grisjun.hi.is\/index.php?rest_route=%2Fwp%2Fv2%2Fcomments&post=52"}],"version-history":[{"count":7,"href":"https:\/\/grisjun.hi.is\/index.php?rest_route=\/wp\/v2\/pages\/52\/revisions"}],"predecessor-version":[{"id":128,"href":"https:\/\/grisjun.hi.is\/index.php?rest_route=\/wp\/v2\/pages\/52\/revisions\/128"}],"wp:attachment":[{"href":"https:\/\/grisjun.hi.is\/index.php?rest_route=%2Fwp%2Fv2%2Fmedia&parent=52"}],"curies":[{"name":"wp","href":"https:\/\/api.w.org\/{rel}","templated":true}]}}