{"id":45,"date":"2022-11-12T15:04:09","date_gmt":"2022-11-12T15:04:09","guid":{"rendered":"https:\/\/grisjun.hi.is\/?page_id=45"},"modified":"2022-11-26T11:02:12","modified_gmt":"2022-11-26T11:02:12","slug":"deaccessioning-handbook","status":"publish","type":"page","link":"https:\/\/grisjun.hi.is\/?page_id=45","title":{"rendered":"Deaccessioning Handbook"},"content":{"rendered":"\n<p>One of the goals of this project was to produce a handbook that Icelandic museums and museum professionals could use as they begin the process of deaccessioning. This was done in cooperation with T\u00e6kniminjasafn (The Technical Museum), \u00dej\u00f3\u00f0minjasafn (The National Museum), and Safnafr\u00e6\u00f0ideild H\u00e1sk\u00f3la \u00cdslands (the Museology department at University of Iceland). The handbook can be found through the link below.<\/p>\n\n\n\n<p><a href=\"https:\/\/grisjun.hi.is\/wp-content\/uploads\/2022\/11\/Deaccessioning-Handbook_Final-Draft_August-2022.pdf\">D<\/a><a href=\"https:\/\/grisjun.hi.is\/wp-content\/uploads\/2022\/11\/Deaccessioning-Handbook.pdf\" target=\"_blank\" rel=\"noreferrer noopener\">eaccessioning: A Practical Handbook for Icelandic Museums<\/a><\/p>\n","protected":false},"excerpt":{"rendered":"<p>One of the goals of this project was to produce a handbook that Icelandic museums and museum professionals could use as they begin the process of deaccessioning. This was done in cooperation with T\u00e6kniminjasafn (The Technical Museum), \u00dej\u00f3\u00f0minjasafn (The National Museum), and Safnafr\u00e6\u00f0ideild H\u00e1sk\u00f3la \u00cdslands (the Museology department at University of Iceland). The handbook can&hellip; <a class=\"more-link\" href=\"https:\/\/grisjun.hi.is\/?page_id=45\">Continue reading <span class=\"screen-reader-text\">Deaccessioning Handbook<\/span><\/a><\/p>\n","protected":false},"author":2,"featured_media":0,"parent":0,"menu_order":0,"comment_status":"closed","ping_status":"closed","template":"","meta":{"footnotes":""},"class_list":["post-45","page","type-page","status-publish","hentry","entry"],"_links":{"self":[{"href":"https:\/\/grisjun.hi.is\/index.php?rest_route=\/wp\/v2\/pages\/45","targetHints":{"allow":["GET"]}}],"collection":[{"href":"https:\/\/grisjun.hi.is\/index.php?rest_route=\/wp\/v2\/pages"}],"about":[{"href":"https:\/\/grisjun.hi.is\/index.php?rest_route=\/wp\/v2\/types\/page"}],"author":[{"embeddable":true,"href":"https:\/\/grisjun.hi.is\/index.php?rest_route=\/wp\/v2\/users\/2"}],"replies":[{"embeddable":true,"href":"https:\/\/grisjun.hi.is\/index.php?rest_route=%2Fwp%2Fv2%2Fcomments&post=45"}],"version-history":[{"count":3,"href":"https:\/\/grisjun.hi.is\/index.php?rest_route=\/wp\/v2\/pages\/45\/revisions"}],"predecessor-version":[{"id":100,"href":"https:\/\/grisjun.hi.is\/index.php?rest_route=\/wp\/v2\/pages\/45\/revisions\/100"}],"wp:attachment":[{"href":"https:\/\/grisjun.hi.is\/index.php?rest_route=%2Fwp%2Fv2%2Fmedia&parent=45"}],"curies":[{"name":"wp","href":"https:\/\/api.w.org\/{rel}","templated":true}]}}