{"id":44,"date":"2022-11-12T15:04:09","date_gmt":"2022-11-12T15:04:09","guid":{"rendered":"https:\/\/grisjun.hi.is\/?page_id=44"},"modified":"2022-12-09T10:00:15","modified_gmt":"2022-12-09T10:00:15","slug":"the-team","status":"publish","type":"page","link":"https:\/\/grisjun.hi.is\/?page_id=44","title":{"rendered":"The Team"},"content":{"rendered":"\n<p>Project by Francesca Stoppani and Kathryn Teeter<br>Supervised by Sigurj\u00f3n B. Hafsteinsson, Professor at H\u00e1sk\u00f3li \u00cdslands<\/p>\n\n\n\n<p>Francesca Stoppani has an MA in West Nordic Studies, a post-graduate diploma in Museum Studies, and has begun a PhD in Museum Studies at University of Iceland where she explores the interactions of born-digital artefacts in contemporary museums.<\/p>\n\n\n\n<p>Kathryn Teeter has an MA in Medieval Icelandic Studies and is finishing a second MA in Museum Studies at University of Iceland, focusing on emotion in museums.<\/p>\n\n\n\n<figure class=\"wp-block-gallery has-nested-images columns-default is-cropped wp-block-gallery-1 is-layout-flex wp-block-gallery-is-layout-flex\">\n<figure class=\"wp-block-image size-large\"><img loading=\"lazy\" decoding=\"async\" width=\"762\" height=\"1024\" data-id=\"106\" src=\"https:\/\/grisjun.hi.is\/wp-content\/uploads\/2022\/11\/Francesca-762x1024.jpeg\" alt=\"\" class=\"wp-image-106\" srcset=\"https:\/\/grisjun.hi.is\/wp-content\/uploads\/2022\/11\/Francesca-762x1024.jpeg 762w, https:\/\/grisjun.hi.is\/wp-content\/uploads\/2022\/11\/Francesca-223x300.jpeg 223w, https:\/\/grisjun.hi.is\/wp-content\/uploads\/2022\/11\/Francesca-768x1032.jpeg 768w, https:\/\/grisjun.hi.is\/wp-content\/uploads\/2022\/11\/Francesca-1143x1536.jpeg 1143w, https:\/\/grisjun.hi.is\/wp-content\/uploads\/2022\/11\/Francesca.jpeg 1488w\" sizes=\"auto, (max-width: 762px) 100vw, 762px\" \/><figcaption class=\"wp-element-caption\">Francesca sorting through objects in the storage facility of T\u00e6knminjasafn.<\/figcaption><\/figure>\n\n\n\n<figure class=\"wp-block-image size-large\"><img loading=\"lazy\" decoding=\"async\" width=\"768\" height=\"1024\" data-id=\"108\" src=\"https:\/\/grisjun.hi.is\/wp-content\/uploads\/2022\/11\/Kathryn-768x1024.jpg\" alt=\"\" class=\"wp-image-108\" srcset=\"https:\/\/grisjun.hi.is\/wp-content\/uploads\/2022\/11\/Kathryn-768x1024.jpg 768w, https:\/\/grisjun.hi.is\/wp-content\/uploads\/2022\/11\/Kathryn-225x300.jpg 225w, https:\/\/grisjun.hi.is\/wp-content\/uploads\/2022\/11\/Kathryn.jpg 960w\" sizes=\"auto, (max-width: 768px) 100vw, 768px\" \/><figcaption class=\"wp-element-caption\">Kathryn sorting through objects in the storage facility of T\u00e6knminjasafn with the former director, Zuhaitz Akizu.<\/figcaption><\/figure>\n<\/figure>\n","protected":false},"excerpt":{"rendered":"<p>Project by Francesca Stoppani and Kathryn TeeterSupervised by Sigurj\u00f3n B. Hafsteinsson, Professor at H\u00e1sk\u00f3li \u00cdslands Francesca Stoppani has an MA in West Nordic Studies, a post-graduate diploma in Museum Studies, and has begun a PhD in Museum Studies at University of Iceland where she explores the interactions of born-digital artefacts in contemporary museums. Kathryn Teeter&hellip; <a class=\"more-link\" href=\"https:\/\/grisjun.hi.is\/?page_id=44\">Continue reading <span class=\"screen-reader-text\">The Team<\/span><\/a><\/p>\n","protected":false},"author":2,"featured_media":0,"parent":0,"menu_order":0,"comment_status":"closed","ping_status":"closed","template":"","meta":{"footnotes":""},"class_list":["post-44","page","type-page","status-publish","hentry","entry"],"_links":{"self":[{"href":"https:\/\/grisjun.hi.is\/index.php?rest_route=\/wp\/v2\/pages\/44","targetHints":{"allow":["GET"]}}],"collection":[{"href":"https:\/\/grisjun.hi.is\/index.php?rest_route=\/wp\/v2\/pages"}],"about":[{"href":"https:\/\/grisjun.hi.is\/index.php?rest_route=\/wp\/v2\/types\/page"}],"author":[{"embeddable":true,"href":"https:\/\/grisjun.hi.is\/index.php?rest_route=\/wp\/v2\/users\/2"}],"replies":[{"embeddable":true,"href":"https:\/\/grisjun.hi.is\/index.php?rest_route=%2Fwp%2Fv2%2Fcomments&post=44"}],"version-history":[{"count":8,"href":"https:\/\/grisjun.hi.is\/index.php?rest_route=\/wp\/v2\/pages\/44\/revisions"}],"predecessor-version":[{"id":126,"href":"https:\/\/grisjun.hi.is\/index.php?rest_route=\/wp\/v2\/pages\/44\/revisions\/126"}],"wp:attachment":[{"href":"https:\/\/grisjun.hi.is\/index.php?rest_route=%2Fwp%2Fv2%2Fmedia&parent=44"}],"curies":[{"name":"wp","href":"https:\/\/api.w.org\/{rel}","templated":true}]}}