{"id":25,"date":"2022-11-12T14:38:24","date_gmt":"2022-11-12T14:38:24","guid":{"rendered":"https:\/\/grisjun.hi.is\/?page_id=25"},"modified":"2022-12-09T09:59:43","modified_gmt":"2022-12-09T09:59:43","slug":"nyskopunarsjods-namsmanna-og-styrkthega-2022-grisjun-safnkosts-og-hringrasarhagkerfid","status":"publish","type":"page","link":"https:\/\/grisjun.hi.is\/","title":{"rendered":"N\u00fdsk\u00f6punarsj\u00f3\u00f0s n\u00e1msmanna og styrk\u00feega 2022 &#8211; Grisjun safnkosts og hringr\u00e1sarhagkerfi\u00f0"},"content":{"rendered":"\n<p class=\"has-background\" style=\"background-color:#d1e3dc00\">This project was made possible by the Student Innovation Fund from Rann\u00eds (Icelandic Centre for Research). It was done in partnership with H\u00e1sk\u00f3li \u00cdslands (University of Iceland), T\u00e6kniminjasafn Austurlands (Technical Museum of East Iceland), and \u00dej\u00f3\u00f0minjasafn (National Museum of Iceland). We are excited to share our research with you. Feel free to comment below with questions, thoughts, or contributions to the discussion.<\/p>\n\n\n\n<figure class=\"wp-block-image size-large\"><img loading=\"lazy\" decoding=\"async\" width=\"1024\" height=\"768\" src=\"https:\/\/grisjun.hi.is\/wp-content\/uploads\/2022\/11\/298028446_574753811011161_8476380186216858307_n-1-1024x768.jpg\" alt=\"\" class=\"wp-image-64\" srcset=\"https:\/\/grisjun.hi.is\/wp-content\/uploads\/2022\/11\/298028446_574753811011161_8476380186216858307_n-1-1024x768.jpg 1024w, https:\/\/grisjun.hi.is\/wp-content\/uploads\/2022\/11\/298028446_574753811011161_8476380186216858307_n-1-300x225.jpg 300w, https:\/\/grisjun.hi.is\/wp-content\/uploads\/2022\/11\/298028446_574753811011161_8476380186216858307_n-1-768x576.jpg 768w, https:\/\/grisjun.hi.is\/wp-content\/uploads\/2022\/11\/298028446_574753811011161_8476380186216858307_n-1-1536x1152.jpg 1536w, https:\/\/grisjun.hi.is\/wp-content\/uploads\/2022\/11\/298028446_574753811011161_8476380186216858307_n-1-1568x1176.jpg 1568w, https:\/\/grisjun.hi.is\/wp-content\/uploads\/2022\/11\/298028446_574753811011161_8476380186216858307_n-1.jpg 2000w\" sizes=\"auto, (max-width: 1024px) 100vw, 1024px\" \/><figcaption class=\"wp-element-caption\">An abandoned tractor sits outside of one of the buildings damaged by the 2020 landslide at T\u00e6knminjasafn. Unfortunately, this building was further damaged by flooding in 2022.<\/figcaption><\/figure>\n","protected":false},"excerpt":{"rendered":"<p>This project was made possible by the Student Innovation Fund from Rann\u00eds (Icelandic Centre for Research). It was done in partnership with H\u00e1sk\u00f3li \u00cdslands (University of Iceland), T\u00e6kniminjasafn Austurlands (Technical Museum of East Iceland), and \u00dej\u00f3\u00f0minjasafn (National Museum of Iceland). We are excited to share our research with you. Feel free to comment below with&hellip; <a class=\"more-link\" href=\"https:\/\/grisjun.hi.is\/\">Continue reading <span class=\"screen-reader-text\">N\u00fdsk\u00f6punarsj\u00f3\u00f0s n\u00e1msmanna og styrk\u00feega 2022 &#8211; Grisjun safnkosts og hringr\u00e1sarhagkerfi\u00f0<\/span><\/a><\/p>\n","protected":false},"author":2,"featured_media":0,"parent":0,"menu_order":0,"comment_status":"open","ping_status":"closed","template":"","meta":{"footnotes":""},"class_list":["post-25","page","type-page","status-publish","hentry","entry"],"_links":{"self":[{"href":"https:\/\/grisjun.hi.is\/index.php?rest_route=\/wp\/v2\/pages\/25","targetHints":{"allow":["GET"]}}],"collection":[{"href":"https:\/\/grisjun.hi.is\/index.php?rest_route=\/wp\/v2\/pages"}],"about":[{"href":"https:\/\/grisjun.hi.is\/index.php?rest_route=\/wp\/v2\/types\/page"}],"author":[{"embeddable":true,"href":"https:\/\/grisjun.hi.is\/index.php?rest_route=\/wp\/v2\/users\/2"}],"replies":[{"embeddable":true,"href":"https:\/\/grisjun.hi.is\/index.php?rest_route=%2Fwp%2Fv2%2Fcomments&post=25"}],"version-history":[{"count":22,"href":"https:\/\/grisjun.hi.is\/index.php?rest_route=\/wp\/v2\/pages\/25\/revisions"}],"predecessor-version":[{"id":125,"href":"https:\/\/grisjun.hi.is\/index.php?rest_route=\/wp\/v2\/pages\/25\/revisions\/125"}],"wp:attachment":[{"href":"https:\/\/grisjun.hi.is\/index.php?rest_route=%2Fwp%2Fv2%2Fmedia&parent=25"}],"curies":[{"name":"wp","href":"https:\/\/api.w.org\/{rel}","templated":true}]}}